{"id":1850,"date":"2025-10-31T17:38:58","date_gmt":"2025-10-31T15:38:58","guid":{"rendered":"https:\/\/interfinance.bg\/?page_id=1850"},"modified":"2025-11-05T18:18:24","modified_gmt":"2025-11-05T16:18:24","slug":"politik-fur-kekse","status":"publish","type":"page","link":"https:\/\/interfinance.bg\/de\/politik-fur-kekse\/","title":{"rendered":"Cookie-Richtlinie"},"content":{"rendered":"<div data-elementor-type=\"wp-page\" data-elementor-id=\"1850\" class=\"elementor elementor-1850\" data-elementor-post-type=\"page\">\n\t\t\t\t\t\t<section class=\"elementor-section elementor-top-section elementor-element elementor-element-4e938d9 elementor-section-height-min-height elementor-section-boxed elementor-section-height-default elementor-section-items-middle\" data-id=\"4e938d9\" data-element_type=\"section\" data-settings=\"{&quot;background_background&quot;:&quot;classic&quot;}\">\n\t\t\t\t\t\t<div class=\"elementor-container elementor-column-gap-default\">\n\t\t\t\t\t<div class=\"elementor-column elementor-col-100 elementor-top-column elementor-element elementor-element-aea68e2\" data-id=\"aea68e2\" data-element_type=\"column\">\n\t\t\t<div class=\"elementor-widget-wrap elementor-element-populated\">\n\t\t\t\t\t\t<div class=\"elementor-element elementor-element-a9cb6a1 elementor-icon-list--layout-inline elementor-align-center elementor-list-item-link-full_width elementor-invisible elementor-widget elementor-widget-icon-list\" data-id=\"a9cb6a1\" data-element_type=\"widget\" data-settings=\"{&quot;_animation&quot;:&quot;slideInUp&quot;}\" data-widget_type=\"icon-list.default\">\n\t\t\t\t\t\t\t<ul class=\"elementor-icon-list-items elementor-inline-items\">\n\t\t\t\t\t\t\t<li class=\"elementor-icon-list-item elementor-inline-item\">\n\t\t\t\t\t\t\t\t\t\t<span class=\"elementor-icon-list-text\">Startseite<\/span>\n\t\t\t\t\t\t\t\t\t<\/li>\n\t\t\t\t\t\t\t\t<li class=\"elementor-icon-list-item elementor-inline-item\">\n\t\t\t\t\t\t\t\t\t\t\t<span class=\"elementor-icon-list-icon\">\n\t\t\t\t\t\t\t<svg aria-hidden=\"true\" class=\"e-font-icon-svg e-fas-angle-right\" viewbox=\"0 0 256 512\" xmlns=\"http:\/\/www.w3.org\/2000\/svg\"><path d=\"M224.3 273l-136 136c-9.4 9.4-24.6 9.4-33.9 0l-22.6-22.6c-9.4-9.4-9.4-24.6 0-33.9l96.4-96.4-96.4-96.4c-9.4-9.4-9.4-24.6 0-33.9L54.3 103c9.4-9.4 24.6-9.4 33.9 0l136 136c9.5 9.4 9.5 24.6.1 34z\"><\/path><\/svg>\t\t\t\t\t\t<\/span>\n\t\t\t\t\t\t\t\t\t\t<span class=\"elementor-icon-list-text\"><\/span>\n\t\t\t\t\t\t\t\t\t<\/li>\n\t\t\t\t\t\t\t\t<li class=\"elementor-icon-list-item elementor-inline-item\">\n\t\t\t\t\t\t\t\t\t\t<span class=\"elementor-icon-list-text\"><\/span>\n\t\t\t\t\t\t\t\t\t<\/li>\n\t\t\t\t\t\t<\/ul>\n\t\t\t\t\t\t<\/div>\n\t\t\t\t\t<\/div>\n\t\t<\/div>\n\t\t\t\t\t<\/div>\n\t\t<\/section>\n\t\t\t\t<section class=\"elementor-section elementor-top-section elementor-element elementor-element-08cf905 elementor-section-boxed elementor-section-height-default elementor-section-height-default\" data-id=\"08cf905\" data-element_type=\"section\" data-settings=\"{&quot;background_background&quot;:&quot;classic&quot;}\">\n\t\t\t\t\t\t<div class=\"elementor-container elementor-column-gap-no\">\n\t\t\t\t\t<div class=\"elementor-column elementor-col-100 elementor-top-column elementor-element elementor-element-5c5d741\" data-id=\"5c5d741\" data-element_type=\"column\">\n\t\t\t<div class=\"elementor-widget-wrap elementor-element-populated\">\n\t\t\t\t\t\t<section class=\"elementor-section elementor-inner-section elementor-element elementor-element-bc07c9d elementor-section-boxed elementor-section-height-default elementor-section-height-default\" data-id=\"bc07c9d\" data-element_type=\"section\">\n\t\t\t\t\t\t<div class=\"elementor-container elementor-column-gap-wider\">\n\t\t\t\t\t<div class=\"elementor-column elementor-col-100 elementor-inner-column elementor-element elementor-element-980c5ef elementor-invisible\" data-id=\"980c5ef\" data-element_type=\"column\" data-settings=\"{&quot;animation&quot;:&quot;slideInUp&quot;}\">\n\t\t\t<div class=\"elementor-widget-wrap elementor-element-populated\">\n\t\t\t\t\t\t<div class=\"elementor-element elementor-element-c6e3906 elementor-widget elementor-widget-text-editor\" data-id=\"c6e3906\" data-element_type=\"widget\" data-widget_type=\"text-editor.default\">\n\t\t\t\t\t\t\t\t\t<p><strong>Letzte Aktualisierung:<\/strong> 1. November 2025<\/p><h4><strong>Was sind Cookies?<\/strong><\/h4><p>Cookies sind kleine Textdateien, die auf Ihrem Ger\u00e4t (Computer, Tablet, Telefon) gespeichert werden, wenn Sie unsere Website besuchen. Sie tragen dazu bei, dass die Website ordnungsgem\u00e4\u00df funktioniert, verbessern die Benutzerfreundlichkeit und sammeln statistische Informationen \u00fcber die Nutzung der Website.<\/p><h4><strong>Zwecke der Verwendung von Cookies<\/strong><\/h4><ul><li>Erkennung des Nutzers und Speicherung seiner Pr\u00e4ferenzen (z. B. Sprache oder Anzeigeeinstellungen).<\/li><li>Verbesserung der Funktionalit\u00e4t, Sicherheit und Geschwindigkeit der Website.<\/li><li>Analyse des Datenverkehrs und des Nutzerverhaltens mithilfe von Tools wie Google Analytics und Facebook Pixel.<\/li><li>Messung der Wirksamkeit von Inhalten und Online-Kommunikation.<\/li><\/ul><h4><strong>Personenbezogene Daten und Cookies<\/strong><\/h4><p>Cookies selbst enthalten keine Informationen, die eine direkte Identifizierung des Nutzers erm\u00f6glichen. In bestimmten F\u00e4llen k\u00f6nnen die \u00fcber sie gesammelten Informationen jedoch mit anderen Daten verkn\u00fcpft werden (z. B. beim Ausf\u00fcllen eines Kontaktformulars), um die Nutzung der Website pers\u00f6nlicher zu gestalten.<\/p><h4><strong>Wie k\u00f6nnen Sie Cookies verwalten?<\/strong><\/h4><p>Sie k\u00f6nnen die Einstellungen Ihres Browsers jederzeit \u00e4ndern, um Cookies zu blockieren, einzuschr\u00e4nken oder zu l\u00f6schen. Beachten Sie, dass die Deaktivierung bestimmter Cookies das ordnungsgem\u00e4\u00dfe Funktionieren bestimmter Teile der Website beeintr\u00e4chtigen kann.<\/p><p>Weitere Informationen zu den Cookie-Einstellungen finden Sie im Hilfebereich Ihres Browsers oder auf dessen offizieller Website.<\/p><h4><strong>Kontakt<\/strong><\/h4><p>Wenn Sie Fragen zu dieser Cookie-Richtlinie haben, k\u00f6nnen Sie uns kontaktieren:<\/p><p><strong>Gesellschaft:<\/strong> INTER FINANCE HOLDING<br \/><strong>Adresse:<\/strong> Bulgarien, Bulgarien Blvd. Knyaz Al. Dondukov 33<br \/><strong>Telefon:<\/strong> <a href=\"tel:+359898882888\">+359 898 882 888<\/a><br \/><strong>E-Mail:<\/strong> <a href=\"mailto:office@interfinance.bg\">office@interfinance.bg<\/a><\/p>\t\t\t\t\t\t\t\t<\/div>\n\t\t\t\t\t<\/div>\n\t\t<\/div>\n\t\t\t\t\t<\/div>\n\t\t<\/section>\n\t\t\t\t\t<\/div>\n\t\t<\/div>\n\t\t\t\t\t<\/div>\n\t\t<\/section>\n\t\t\t\t<\/div>","protected":false},"excerpt":{"rendered":"<p>\u041d\u0430\u0447\u0430\u043b\u043e \u041f\u043e\u0441\u043b\u0435\u0434\u043d\u0430 \u0430\u043a\u0442\u0443\u0430\u043b\u0438\u0437\u0430\u0446\u0438\u044f: 1 \u043d\u043e\u0435\u043c\u0432\u0440\u0438 2025 \u041a\u0430\u043a\u0432\u043e \u043f\u0440\u0435\u0434\u0441\u0442\u0430\u0432\u043b\u044f\u0432\u0430\u0442 \u0431\u0438\u0441\u043a\u0432\u0438\u0442\u043a\u0438\u0442\u0435? \u0411\u0438\u0441\u043a\u0432\u0438\u0442\u043a\u0438\u0442\u0435 \u0441\u0430 \u043c\u0430\u043b\u043a\u0438 \u0442\u0435\u043a\u0441\u0442\u043e\u0432\u0438 \u0444\u0430\u0439\u043b\u043e\u0432\u0435, \u043a\u043e\u0438\u0442\u043e \u0441\u0435 \u0437\u0430\u043f\u0430\u0437\u0432\u0430\u0442 \u043d\u0430 \u0412\u0430\u0448\u0435\u0442\u043e \u0443\u0441\u0442\u0440\u043e\u0439\u0441\u0442\u0432\u043e (\u043a\u043e\u043c\u043f\u044e\u0442\u044a\u0440, \u0442\u0430\u0431\u043b\u0435\u0442, \u0442\u0435\u043b\u0435\u0444\u043e\u043d), \u043a\u043e\u0433\u0430\u0442\u043e \u043f\u043e\u0441\u0435\u0449\u0430\u0432\u0430\u0442\u0435 \u043d\u0430\u0448\u0438\u044f \u0443\u0435\u0431\u0441\u0430\u0439\u0442. \u0422\u0435 \u043f\u043e\u0434\u043f\u043e\u043c\u0430\u0433\u0430\u0442 \u043f\u0440\u0430\u0432\u0438\u043b\u043d\u043e\u0442\u043e \u0444\u0443\u043d\u043a\u0446\u0438\u043e\u043d\u0438\u0440\u0430\u043d\u0435 \u043d\u0430 \u0441\u0430\u0439\u0442\u0430, \u043f\u043e\u0434\u043e\u0431\u0440\u044f\u0432\u0430\u0442 \u043f\u043e\u0442\u0440\u0435\u0431\u0438\u0442\u0435\u043b\u0441\u043a\u043e\u0442\u043e \u0438\u0437\u0436\u0438\u0432\u044f\u0432\u0430\u043d\u0435 \u0438 \u0441\u044a\u0431\u0438\u0440\u0430\u0442 \u0441\u0442\u0430\u0442\u0438\u0441\u0442\u0438\u0447\u0435\u0441\u043a\u0430 \u0438\u043d\u0444\u043e\u0440\u043c\u0430\u0446\u0438\u044f \u0437\u0430 \u043d\u0430\u0447\u0438\u043d\u0430, \u043f\u043e \u043a\u043e\u0439\u0442\u043e \u0441\u0435 \u0438\u0437\u043f\u043e\u043b\u0437\u0432\u0430 \u0443\u0435\u0431\u0441\u0430\u0439\u0442\u044a\u0442. \u0426\u0435\u043b\u0438 \u043d\u0430 \u0438\u0437\u043f\u043e\u043b\u0437\u0432\u0430\u043d\u0435 \u043d\u0430 \u0431\u0438\u0441\u043a\u0432\u0438\u0442\u043a\u0438 \u0420\u0430\u0437\u043f\u043e\u0437\u043d\u0430\u0432\u0430\u043d\u0435 \u043d\u0430 \u043f\u043e\u0442\u0440\u0435\u0431\u0438\u0442\u0435\u043b\u044f [&hellip;]<\/p>","protected":false},"author":1,"featured_media":0,"parent":0,"menu_order":0,"comment_status":"closed","ping_status":"open","template":"","meta":{"footnotes":""},"class_list":["post-1850","page","type-page","status-publish","hentry"],"_links":{"self":[{"href":"https:\/\/interfinance.bg\/de\/wp-json\/wp\/v2\/pages\/1850","targetHints":{"allow":["GET"]}}],"collection":[{"href":"https:\/\/interfinance.bg\/de\/wp-json\/wp\/v2\/pages"}],"about":[{"href":"https:\/\/interfinance.bg\/de\/wp-json\/wp\/v2\/types\/page"}],"author":[{"embeddable":true,"href":"https:\/\/interfinance.bg\/de\/wp-json\/wp\/v2\/users\/1"}],"replies":[{"embeddable":true,"href":"https:\/\/interfinance.bg\/de\/wp-json\/wp\/v2\/comments?post=1850"}],"version-history":[{"count":6,"href":"https:\/\/interfinance.bg\/de\/wp-json\/wp\/v2\/pages\/1850\/revisions"}],"predecessor-version":[{"id":1892,"href":"https:\/\/interfinance.bg\/de\/wp-json\/wp\/v2\/pages\/1850\/revisions\/1892"}],"wp:attachment":[{"href":"https:\/\/interfinance.bg\/de\/wp-json\/wp\/v2\/media?parent=1850"}],"curies":[{"name":"wp","href":"https:\/\/api.w.org\/{rel}","templated":true}]}}